{"id":88461,"date":"2025-08-22T09:30:02","date_gmt":"2025-08-22T02:30:02","guid":{"rendered":"https:\/\/www.healthymaxmarket.com\/?post_type=product&#038;p=88461"},"modified":"2026-04-08T17:08:34","modified_gmt":"2026-04-08T10:08:34","slug":"tempur-traditional-pillow-easy-clean-soft-%e0%b8%84%e0%b8%b1%e0%b8%94%e0%b8%a5%e0%b8%ad%e0%b8%81","status":"publish","type":"product","link":"https:\/\/www.healthymaxmarket.com\/en\/product\/tempur-traditional-pillow-easy-clean-soft-%e0%b8%84%e0%b8%b1%e0%b8%94%e0%b8%a5%e0%b8%ad%e0%b8%81\/","title":{"rendered":"TEMPUR Traditional Pillow Easy Clean Soft (\u0e04\u0e31\u0e14\u0e25\u0e2d\u0e01)"},"content":{"rendered":"<p>ErgoPlus &#8211; Nyt navn, samme kvalitet. Puden der tidligere hed TEMPUR\u00ae Millennium, er en fast, ergonomisk pude udviklet til dig, der sover p\u00e5 ryggen eller siden og \u00f8nsker optimal st\u00f8tte af hoved, skuldre og nakke. Puden indeholder det unikke TEMPUR\u00ae Materiale og er designet med en buet kant og centreret fordybning, som omfavner og st\u00f8tter nakken. SmartCool\u2122 betr\u00e6kket regulerer sig efter din kropstemperatur og giver en k\u00f8lende fornemmelse for en mere behagelig og beroligende s\u00f8vn hele natten. Passer til almindeligt hovedpudebetr\u00e6k SmartCool\u2122 teknologi giver en k\u00f8lig nattes\u00f8vn Vaskbart betr\u00e6k ved 40 \u00b0C St\u00f8rrelse: 54 x 32 cm Large h\u00f8jde 14 cm Medium h\u00f8jde 12,5 cm Small h\u00f8jde: 11 cm Ekstra Small h\u00f8jde: 9,5 cm<\/p>\n","protected":false},"excerpt":{"rendered":"<p>TEMPUR Ergoplus Pillow SmartCool #M 54x32x11 is a firm pillow designed according to ergonomic principles for those who sleep on their back or side and need the most appropriate support for the head, shoulders and neck.<\/p>\n","protected":false},"featured_media":88467,"comment_status":"open","ping_status":"closed","template":"","meta":{"_acf_changed":false,"inline_featured_image":false,"_uf_show_specific_survey":0,"_uf_disable_surveys":false},"pwb-brand":[],"product_brand":[],"product_cat":[12661,13054,12408],"product_tag":[11434,11433,16452],"brands":[],"class_list":{"0":"post-88461","1":"product","2":"type-product","3":"status-publish","4":"has-post-thumbnail","6":"product_cat-health-pillow","7":"product_cat-sleep-health","8":"product_cat-tempur-en","9":"product_tag-sleep-health","10":"product_tag-tempur-en","11":"product_tag-16452","12":"product_shipping_class-ems-en","14":"first","15":"instock","16":"sale","17":"featured","18":"shipping-taxable","19":"purchasable","20":"product-type-simple"},"yoast_head":"<!-- This site is optimized with the Yoast SEO plugin v27.3 - https:\/\/yoast.com\/product\/yoast-seo-wordpress\/ -->\n<title>TEMPUR Traditional Pillow Easy Clean Soft (\u0e04\u0e31\u0e14\u0e25\u0e2d\u0e01) | HealthyMaxMarket.com<\/title>\n<meta name=\"description\" content=\"It is a firm pillow designed according to ergonomic principles, suitable for those who sleep on their back or side and need the most appropriate support for their head, shoulders and neck.\" \/>\n<meta name=\"robots\" content=\"index, follow, max-snippet:-1, max-image-preview:large, max-video-preview:-1\" \/>\n<link rel=\"canonical\" href=\"https:\/\/www.healthymaxmarket.com\/en\/product\/tempur-traditional-pillow-easy-clean-soft-%e0%b8%84%e0%b8%b1%e0%b8%94%e0%b8%a5%e0%b8%ad%e0%b8%81\/\" \/>\n<meta property=\"og:locale\" content=\"en_US\" \/>\n<meta property=\"og:type\" content=\"article\" \/>\n<meta property=\"og:title\" content=\"TEMPUR Traditional Pillow Easy Clean Soft (\u0e04\u0e31\u0e14\u0e25\u0e2d\u0e01) | HealthyMaxMarket.com\" \/>\n<meta property=\"og:description\" content=\"It is a firm pillow designed according to ergonomic principles, suitable for those who sleep on their back or side and need the most appropriate support for their head, shoulders and neck.\" \/>\n<meta property=\"og:url\" content=\"https:\/\/www.healthymaxmarket.com\/en\/product\/tempur-traditional-pillow-easy-clean-soft-%e0%b8%84%e0%b8%b1%e0%b8%94%e0%b8%a5%e0%b8%ad%e0%b8%81\/\" \/>\n<meta property=\"og:site_name\" content=\"HealthyMaxMarket.com\" \/>\n<meta property=\"article:publisher\" content=\"https:\/\/www.facebook.com\/healthymaxmarket.com\" \/>\n<meta property=\"article:modified_time\" content=\"2026-04-08T10:08:34+00:00\" \/>\n<meta property=\"og:image\" content=\"https:\/\/www.healthymaxmarket.com\/wp-content\/uploads\/2025\/08\/TEMPUR_ErgoPlus_Right.webp\" \/>\n\t<meta property=\"og:image:width\" content=\"1000\" \/>\n\t<meta property=\"og:image:height\" content=\"1000\" \/>\n\t<meta property=\"og:image:type\" content=\"image\/webp\" \/>\n<meta name=\"twitter:label1\" content=\"Est. reading time\" \/>\n\t<meta name=\"twitter:data1\" content=\"1 minute\" \/>\n<script type=\"application\/ld+json\" class=\"yoast-schema-graph\">{\"@context\":\"https:\\\/\\\/schema.org\",\"@graph\":[{\"@type\":\"WebPage\",\"@id\":\"https:\\\/\\\/www.healthymaxmarket.com\\\/en\\\/product\\\/tempur-traditional-pillow-easy-clean-soft-%e0%b8%84%e0%b8%b1%e0%b8%94%e0%b8%a5%e0%b8%ad%e0%b8%81\\\/\",\"url\":\"https:\\\/\\\/www.healthymaxmarket.com\\\/en\\\/product\\\/tempur-traditional-pillow-easy-clean-soft-%e0%b8%84%e0%b8%b1%e0%b8%94%e0%b8%a5%e0%b8%ad%e0%b8%81\\\/\",\"name\":\"TEMPUR Traditional Pillow Easy Clean Soft (\u0e04\u0e31\u0e14\u0e25\u0e2d\u0e01) | HealthyMaxMarket.com\",\"isPartOf\":{\"@id\":\"https:\\\/\\\/www.healthymaxmarket.com\\\/en\\\/#website\"},\"primaryImageOfPage\":{\"@id\":\"https:\\\/\\\/www.healthymaxmarket.com\\\/en\\\/product\\\/tempur-traditional-pillow-easy-clean-soft-%e0%b8%84%e0%b8%b1%e0%b8%94%e0%b8%a5%e0%b8%ad%e0%b8%81\\\/#primaryimage\"},\"image\":{\"@id\":\"https:\\\/\\\/www.healthymaxmarket.com\\\/en\\\/product\\\/tempur-traditional-pillow-easy-clean-soft-%e0%b8%84%e0%b8%b1%e0%b8%94%e0%b8%a5%e0%b8%ad%e0%b8%81\\\/#primaryimage\"},\"thumbnailUrl\":\"https:\\\/\\\/www.healthymaxmarket.com\\\/wp-content\\\/uploads\\\/2025\\\/08\\\/TEMPUR_ErgoPlus_Right.webp\",\"datePublished\":\"2025-08-22T02:30:02+00:00\",\"dateModified\":\"2026-04-08T10:08:34+00:00\",\"description\":\"It is a firm pillow designed according to ergonomic principles, suitable for those who sleep on their back or side and need the most appropriate support for their head, shoulders and neck.\",\"breadcrumb\":{\"@id\":\"https:\\\/\\\/www.healthymaxmarket.com\\\/en\\\/product\\\/tempur-traditional-pillow-easy-clean-soft-%e0%b8%84%e0%b8%b1%e0%b8%94%e0%b8%a5%e0%b8%ad%e0%b8%81\\\/#breadcrumb\"},\"inLanguage\":\"en-US\",\"potentialAction\":[{\"@type\":\"ReadAction\",\"target\":[\"https:\\\/\\\/www.healthymaxmarket.com\\\/en\\\/product\\\/tempur-traditional-pillow-easy-clean-soft-%e0%b8%84%e0%b8%b1%e0%b8%94%e0%b8%a5%e0%b8%ad%e0%b8%81\\\/\"]}]},{\"@type\":\"ImageObject\",\"inLanguage\":\"en-US\",\"@id\":\"https:\\\/\\\/www.healthymaxmarket.com\\\/en\\\/product\\\/tempur-traditional-pillow-easy-clean-soft-%e0%b8%84%e0%b8%b1%e0%b8%94%e0%b8%a5%e0%b8%ad%e0%b8%81\\\/#primaryimage\",\"url\":\"https:\\\/\\\/www.healthymaxmarket.com\\\/wp-content\\\/uploads\\\/2025\\\/08\\\/TEMPUR_ErgoPlus_Right.webp\",\"contentUrl\":\"https:\\\/\\\/www.healthymaxmarket.com\\\/wp-content\\\/uploads\\\/2025\\\/08\\\/TEMPUR_ErgoPlus_Right.webp\",\"width\":1000,\"height\":1000},{\"@type\":\"BreadcrumbList\",\"@id\":\"https:\\\/\\\/www.healthymaxmarket.com\\\/en\\\/product\\\/tempur-traditional-pillow-easy-clean-soft-%e0%b8%84%e0%b8%b1%e0%b8%94%e0%b8%a5%e0%b8%ad%e0%b8%81\\\/#breadcrumb\",\"itemListElement\":[{\"@type\":\"ListItem\",\"position\":1,\"name\":\"Home\",\"item\":\"https:\\\/\\\/www.healthymaxmarket.com\\\/en\\\/\"},{\"@type\":\"ListItem\",\"position\":2,\"name\":\"Storefront\",\"item\":\"https:\\\/\\\/www.healthymaxmarket.com\\\/en\\\/storefront\\\/\"},{\"@type\":\"ListItem\",\"position\":3,\"name\":\"Health Pillow\",\"item\":\"https:\\\/\\\/www.healthymaxmarket.com\\\/en\\\/products\\\/health-pillow\\\/\"},{\"@type\":\"ListItem\",\"position\":4,\"name\":\"TEMPUR Traditional Pillow Easy Clean Soft (\u0e04\u0e31\u0e14\u0e25\u0e2d\u0e01)\",\"item\":\"https:\\\/\\\/www.healthymaxmarket.com\\\/en\\\/\"}]},{\"@type\":\"WebSite\",\"@id\":\"https:\\\/\\\/www.healthymaxmarket.com\\\/en\\\/#website\",\"url\":\"https:\\\/\\\/www.healthymaxmarket.com\\\/en\\\/\",\"name\":\"HealthyMaxMarket.com\",\"description\":\"Online Your Healthiness\",\"publisher\":{\"@id\":\"https:\\\/\\\/www.healthymaxmarket.com\\\/en\\\/#organization\"},\"alternateName\":\"healthymaxmarket.com\",\"potentialAction\":[{\"@type\":\"SearchAction\",\"target\":{\"@type\":\"EntryPoint\",\"urlTemplate\":\"https:\\\/\\\/www.healthymaxmarket.com\\\/en\\\/?s={search_term_string}\"},\"query-input\":{\"@type\":\"PropertyValueSpecification\",\"valueRequired\":true,\"valueName\":\"search_term_string\"}}],\"inLanguage\":\"en-US\"},{\"@type\":\"Organization\",\"@id\":\"https:\\\/\\\/www.healthymaxmarket.com\\\/en\\\/#organization\",\"name\":\"Health Support House Co., Ltd.\",\"alternateName\":\"HealthyMax\",\"url\":\"https:\\\/\\\/www.healthymaxmarket.com\\\/en\\\/\",\"logo\":{\"@type\":\"ImageObject\",\"inLanguage\":\"en-US\",\"@id\":\"https:\\\/\\\/www.healthymaxmarket.com\\\/en\\\/#\\\/schema\\\/logo\\\/image\\\/\",\"url\":\"https:\\\/\\\/www.healthymaxmarket.com\\\/wp-content\\\/uploads\\\/2025\\\/02\\\/logoHealthyMaxy969x969.png\",\"contentUrl\":\"https:\\\/\\\/www.healthymaxmarket.com\\\/wp-content\\\/uploads\\\/2025\\\/02\\\/logoHealthyMaxy969x969.png\",\"width\":696,\"height\":696,\"caption\":\"Health Support House Co., Ltd.\"},\"image\":{\"@id\":\"https:\\\/\\\/www.healthymaxmarket.com\\\/en\\\/#\\\/schema\\\/logo\\\/image\\\/\"},\"sameAs\":[\"https:\\\/\\\/www.facebook.com\\\/healthymaxmarket.com\",\"https:\\\/\\\/www.instagram.com\\\/healthymax.club\",\"https:\\\/\\\/www.youtube.com\\\/@HealthyMaxOfficial\"]},{\"@type\":\"Pharmacy\",\"@id\":\"https:\\\/\\\/www.healthymaxmarket.com\\\/en\\\/#localbusiness\",\"name\":\"HealthyMaxMarket.com\",\"url\":\"https:\\\/\\\/www.healthymaxmarket.com\\\/en\\\/\",\"image\":\"https:\\\/\\\/www.healthymaxmarket.com\\\/wp-content\\\/uploads\\\/2025\\\/01\\\/cropped-Artboard-1.webp\",\"parentOrganization\":{\"@id\":\"https:\\\/\\\/www.healthymaxmarket.com\\\/en\\\/#organization\"},\"address\":{\"@type\":\"PostalAddress\",\"streetAddress\":\"5\\\/14-16 \u0e0b\u0e2d\u0e22\u0e28\u0e23\u0e35\u0e19\u0e04\u0e23\u0e34\u0e19\u0e17\u0e23\u0e4c 46\\\/1 \u0e16\u0e19\u0e19\u0e28\u0e23\u0e35\u0e19\u0e04\u0e23\u0e34\u0e19\u0e17\u0e23\u0e4c, \u0e41\u0e02\u0e27\u0e07\u0e2b\u0e19\u0e2d\u0e07\u0e1a\u0e2d\u0e19 \u0e40\u0e02\u0e15\u0e1b\u0e23\u0e30\u0e40\u0e27\u0e28\",\"addressLocality\":\"\u0e01\u0e23\u0e38\u0e07\u0e40\u0e17\u0e1e\",\"addressRegion\":\"Bangkok\",\"postalCode\":\"10250\",\"addressCountry\":\"Thailand\"}}]}<\/script>\n<!-- \/ Yoast SEO plugin. -->","yoast_head_json":{"title":"TEMPUR Traditional Pillow Easy Clean Soft (\u0e04\u0e31\u0e14\u0e25\u0e2d\u0e01) | HealthyMaxMarket.com","description":"It is a firm pillow designed according to ergonomic principles, suitable for those who sleep on their back or side and need the most appropriate support for their head, shoulders and neck.","robots":{"index":"index","follow":"follow","max-snippet":"max-snippet:-1","max-image-preview":"max-image-preview:large","max-video-preview":"max-video-preview:-1"},"canonical":"https:\/\/www.healthymaxmarket.com\/en\/product\/tempur-traditional-pillow-easy-clean-soft-%e0%b8%84%e0%b8%b1%e0%b8%94%e0%b8%a5%e0%b8%ad%e0%b8%81\/","og_locale":"en_US","og_type":"article","og_title":"TEMPUR Traditional Pillow Easy Clean Soft (\u0e04\u0e31\u0e14\u0e25\u0e2d\u0e01) | HealthyMaxMarket.com","og_description":"It is a firm pillow designed according to ergonomic principles, suitable for those who sleep on their back or side and need the most appropriate support for their head, shoulders and neck.","og_url":"https:\/\/www.healthymaxmarket.com\/en\/product\/tempur-traditional-pillow-easy-clean-soft-%e0%b8%84%e0%b8%b1%e0%b8%94%e0%b8%a5%e0%b8%ad%e0%b8%81\/","og_site_name":"HealthyMaxMarket.com","article_publisher":"https:\/\/www.facebook.com\/healthymaxmarket.com","article_modified_time":"2026-04-08T10:08:34+00:00","og_image":[{"width":1000,"height":1000,"url":"https:\/\/www.healthymaxmarket.com\/wp-content\/uploads\/2025\/08\/TEMPUR_ErgoPlus_Right.webp","type":"image\/webp"}],"twitter_misc":{"Est. reading time":"1 minute"},"schema":{"@context":"https:\/\/schema.org","@graph":[{"@type":"WebPage","@id":"https:\/\/www.healthymaxmarket.com\/en\/product\/tempur-traditional-pillow-easy-clean-soft-%e0%b8%84%e0%b8%b1%e0%b8%94%e0%b8%a5%e0%b8%ad%e0%b8%81\/","url":"https:\/\/www.healthymaxmarket.com\/en\/product\/tempur-traditional-pillow-easy-clean-soft-%e0%b8%84%e0%b8%b1%e0%b8%94%e0%b8%a5%e0%b8%ad%e0%b8%81\/","name":"TEMPUR Traditional Pillow Easy Clean Soft (\u0e04\u0e31\u0e14\u0e25\u0e2d\u0e01) | HealthyMaxMarket.com","isPartOf":{"@id":"https:\/\/www.healthymaxmarket.com\/en\/#website"},"primaryImageOfPage":{"@id":"https:\/\/www.healthymaxmarket.com\/en\/product\/tempur-traditional-pillow-easy-clean-soft-%e0%b8%84%e0%b8%b1%e0%b8%94%e0%b8%a5%e0%b8%ad%e0%b8%81\/#primaryimage"},"image":{"@id":"https:\/\/www.healthymaxmarket.com\/en\/product\/tempur-traditional-pillow-easy-clean-soft-%e0%b8%84%e0%b8%b1%e0%b8%94%e0%b8%a5%e0%b8%ad%e0%b8%81\/#primaryimage"},"thumbnailUrl":"https:\/\/www.healthymaxmarket.com\/wp-content\/uploads\/2025\/08\/TEMPUR_ErgoPlus_Right.webp","datePublished":"2025-08-22T02:30:02+00:00","dateModified":"2026-04-08T10:08:34+00:00","description":"It is a firm pillow designed according to ergonomic principles, suitable for those who sleep on their back or side and need the most appropriate support for their head, shoulders and neck.","breadcrumb":{"@id":"https:\/\/www.healthymaxmarket.com\/en\/product\/tempur-traditional-pillow-easy-clean-soft-%e0%b8%84%e0%b8%b1%e0%b8%94%e0%b8%a5%e0%b8%ad%e0%b8%81\/#breadcrumb"},"inLanguage":"en-US","potentialAction":[{"@type":"ReadAction","target":["https:\/\/www.healthymaxmarket.com\/en\/product\/tempur-traditional-pillow-easy-clean-soft-%e0%b8%84%e0%b8%b1%e0%b8%94%e0%b8%a5%e0%b8%ad%e0%b8%81\/"]}]},{"@type":"ImageObject","inLanguage":"en-US","@id":"https:\/\/www.healthymaxmarket.com\/en\/product\/tempur-traditional-pillow-easy-clean-soft-%e0%b8%84%e0%b8%b1%e0%b8%94%e0%b8%a5%e0%b8%ad%e0%b8%81\/#primaryimage","url":"https:\/\/www.healthymaxmarket.com\/wp-content\/uploads\/2025\/08\/TEMPUR_ErgoPlus_Right.webp","contentUrl":"https:\/\/www.healthymaxmarket.com\/wp-content\/uploads\/2025\/08\/TEMPUR_ErgoPlus_Right.webp","width":1000,"height":1000},{"@type":"BreadcrumbList","@id":"https:\/\/www.healthymaxmarket.com\/en\/product\/tempur-traditional-pillow-easy-clean-soft-%e0%b8%84%e0%b8%b1%e0%b8%94%e0%b8%a5%e0%b8%ad%e0%b8%81\/#breadcrumb","itemListElement":[{"@type":"ListItem","position":1,"name":"Home","item":"https:\/\/www.healthymaxmarket.com\/en\/"},{"@type":"ListItem","position":2,"name":"Storefront","item":"https:\/\/www.healthymaxmarket.com\/en\/storefront\/"},{"@type":"ListItem","position":3,"name":"Health Pillow","item":"https:\/\/www.healthymaxmarket.com\/en\/products\/health-pillow\/"},{"@type":"ListItem","position":4,"name":"TEMPUR Traditional Pillow Easy Clean Soft (\u0e04\u0e31\u0e14\u0e25\u0e2d\u0e01)","item":"https:\/\/www.healthymaxmarket.com\/en\/"}]},{"@type":"WebSite","@id":"https:\/\/www.healthymaxmarket.com\/en\/#website","url":"https:\/\/www.healthymaxmarket.com\/en\/","name":"HealthyMaxMarket.com","description":"Online Your Healthiness","publisher":{"@id":"https:\/\/www.healthymaxmarket.com\/en\/#organization"},"alternateName":"healthymaxmarket.com","potentialAction":[{"@type":"SearchAction","target":{"@type":"EntryPoint","urlTemplate":"https:\/\/www.healthymaxmarket.com\/en\/?s={search_term_string}"},"query-input":{"@type":"PropertyValueSpecification","valueRequired":true,"valueName":"search_term_string"}}],"inLanguage":"en-US"},{"@type":"Organization","@id":"https:\/\/www.healthymaxmarket.com\/en\/#organization","name":"Health Support House Co., Ltd.","alternateName":"HealthyMax","url":"https:\/\/www.healthymaxmarket.com\/en\/","logo":{"@type":"ImageObject","inLanguage":"en-US","@id":"https:\/\/www.healthymaxmarket.com\/en\/#\/schema\/logo\/image\/","url":"https:\/\/www.healthymaxmarket.com\/wp-content\/uploads\/2025\/02\/logoHealthyMaxy969x969.png","contentUrl":"https:\/\/www.healthymaxmarket.com\/wp-content\/uploads\/2025\/02\/logoHealthyMaxy969x969.png","width":696,"height":696,"caption":"Health Support House Co., Ltd."},"image":{"@id":"https:\/\/www.healthymaxmarket.com\/en\/#\/schema\/logo\/image\/"},"sameAs":["https:\/\/www.facebook.com\/healthymaxmarket.com","https:\/\/www.instagram.com\/healthymax.club","https:\/\/www.youtube.com\/@HealthyMaxOfficial"]},{"@type":"Pharmacy","@id":"https:\/\/www.healthymaxmarket.com\/en\/#localbusiness","name":"HealthyMaxMarket.com","url":"https:\/\/www.healthymaxmarket.com\/en\/","image":"https:\/\/www.healthymaxmarket.com\/wp-content\/uploads\/2025\/01\/cropped-Artboard-1.webp","parentOrganization":{"@id":"https:\/\/www.healthymaxmarket.com\/en\/#organization"},"address":{"@type":"PostalAddress","streetAddress":"5\/14-16 \u0e0b\u0e2d\u0e22\u0e28\u0e23\u0e35\u0e19\u0e04\u0e23\u0e34\u0e19\u0e17\u0e23\u0e4c 46\/1 \u0e16\u0e19\u0e19\u0e28\u0e23\u0e35\u0e19\u0e04\u0e23\u0e34\u0e19\u0e17\u0e23\u0e4c, \u0e41\u0e02\u0e27\u0e07\u0e2b\u0e19\u0e2d\u0e07\u0e1a\u0e2d\u0e19 \u0e40\u0e02\u0e15\u0e1b\u0e23\u0e30\u0e40\u0e27\u0e28","addressLocality":"\u0e01\u0e23\u0e38\u0e07\u0e40\u0e17\u0e1e","addressRegion":"Bangkok","postalCode":"10250","addressCountry":"Thailand"}}]}},"acf":[],"_links":{"self":[{"href":"https:\/\/www.healthymaxmarket.com\/en\/wp-json\/wp\/v2\/product\/88461","targetHints":{"allow":["GET"]}}],"collection":[{"href":"https:\/\/www.healthymaxmarket.com\/en\/wp-json\/wp\/v2\/product"}],"about":[{"href":"https:\/\/www.healthymaxmarket.com\/en\/wp-json\/wp\/v2\/types\/product"}],"replies":[{"embeddable":true,"href":"https:\/\/www.healthymaxmarket.com\/en\/wp-json\/wp\/v2\/comments?post=88461"}],"wp:featuredmedia":[{"embeddable":true,"href":"https:\/\/www.healthymaxmarket.com\/en\/wp-json\/wp\/v2\/media\/88467"}],"wp:attachment":[{"href":"https:\/\/www.healthymaxmarket.com\/en\/wp-json\/wp\/v2\/media?parent=88461"}],"wp:term":[{"taxonomy":"pwb-brand","embeddable":true,"href":"https:\/\/www.healthymaxmarket.com\/en\/wp-json\/wp\/v2\/pwb-brand?post=88461"},{"taxonomy":"product_brand","embeddable":true,"href":"https:\/\/www.healthymaxmarket.com\/en\/wp-json\/wp\/v2\/product_brand?post=88461"},{"taxonomy":"product_cat","embeddable":true,"href":"https:\/\/www.healthymaxmarket.com\/en\/wp-json\/wp\/v2\/product_cat?post=88461"},{"taxonomy":"product_tag","embeddable":true,"href":"https:\/\/www.healthymaxmarket.com\/en\/wp-json\/wp\/v2\/product_tag?post=88461"},{"taxonomy":"brands","embeddable":true,"href":"https:\/\/www.healthymaxmarket.com\/en\/wp-json\/wp\/v2\/brands?post=88461"}],"curies":[{"name":"wp","href":"https:\/\/api.w.org\/{rel}","templated":true}]}}